{"id":1251,"date":"2022-07-20T08:15:57","date_gmt":"2022-07-20T07:15:57","guid":{"rendered":"https:\/\/tiskarna-radovljica.si\/?page_id=1251"},"modified":"2022-07-20T08:39:50","modified_gmt":"2022-07-20T07:39:50","slug":"tisk-diplomske-naloge","status":"publish","type":"page","link":"https:\/\/tiskarna-radovljica.si\/en\/tisk-diplomske-naloge\/","title":{"rendered":"Tisk diplomske naloge"},"content":{"rendered":"\t\t<div data-elementor-type=\"wp-page\" data-elementor-id=\"1251\" class=\"elementor elementor-1251\">\n\t\t\t\t\t\t<section class=\"elementor-section elementor-top-section elementor-element elementor-element-4cdb0a60 elementor-section-boxed elementor-section-height-default elementor-section-height-default\" data-id=\"4cdb0a60\" data-element_type=\"section\" data-settings=\"{&quot;background_background&quot;:&quot;classic&quot;}\">\n\t\t\t\t\t\t\t<div class=\"elementor-background-overlay\"><\/div>\n\t\t\t\t\t\t\t<div class=\"elementor-container elementor-column-gap-no\">\n\t\t\t\t\t<div class=\"elementor-column elementor-col-100 elementor-top-column elementor-element elementor-element-4f3211bb\" data-id=\"4f3211bb\" data-element_type=\"column\">\n\t\t\t<div class=\"elementor-widget-wrap elementor-element-populated\">\n\t\t\t\t\t\t<div class=\"elementor-element elementor-element-6804b855 elementor-widget elementor-widget-heading\" data-id=\"6804b855\" data-element_type=\"widget\" data-widget_type=\"heading.default\">\n\t\t\t\t<div class=\"elementor-widget-container\">\n\t\t\t<style>\/*! elementor - v3.23.0 - 05-08-2024 *\/\n.elementor-heading-title{padding:0;margin:0;line-height:1}.elementor-widget-heading .elementor-heading-title[class*=elementor-size-]>a{color:inherit;font-size:inherit;line-height:inherit}.elementor-widget-heading .elementor-heading-title.elementor-size-small{font-size:15px}.elementor-widget-heading .elementor-heading-title.elementor-size-medium{font-size:19px}.elementor-widget-heading .elementor-heading-title.elementor-size-large{font-size:29px}.elementor-widget-heading .elementor-heading-title.elementor-size-xl{font-size:39px}.elementor-widget-heading .elementor-heading-title.elementor-size-xxl{font-size:59px}<\/style><h1 class=\"elementor-heading-title elementor-size-default\">Tisk diplomske naloge<\/h1>\t\t<\/div>\n\t\t\t\t<\/div>\n\t\t\t\t\t<\/div>\n\t\t<\/div>\n\t\t\t\t\t<\/div>\n\t\t<\/section>\n\t\t\t\t<section class=\"elementor-section elementor-top-section elementor-element elementor-element-65979408 elementor-section-boxed elementor-section-height-default elementor-section-height-default\" data-id=\"65979408\" data-element_type=\"section\" data-settings=\"{&quot;background_background&quot;:&quot;classic&quot;}\">\n\t\t\t\t\t\t<div class=\"elementor-container elementor-column-gap-no\">\n\t\t\t\t\t<div class=\"elementor-column elementor-col-100 elementor-top-column elementor-element elementor-element-218e0a22\" data-id=\"218e0a22\" data-element_type=\"column\">\n\t\t\t<div class=\"elementor-widget-wrap elementor-element-populated\">\n\t\t\t\t\t\t<div class=\"elementor-element elementor-element-619a66a3 elementor-widget elementor-widget-heading\" data-id=\"619a66a3\" data-element_type=\"widget\" data-widget_type=\"heading.default\">\n\t\t\t\t<div class=\"elementor-widget-container\">\n\t\t\t<div class=\"elementor-heading-title elementor-size-default\">Tu smo, da vam svetujemo, uresni\u010dimo va\u0161e \u017eelje in skupaj najdemo pravo pot do cilja.<\/div>\t\t<\/div>\n\t\t\t\t<\/div>\n\t\t\t\t<div class=\"elementor-element elementor-element-19ff90a6 elementor-widget elementor-widget-text-editor\" data-id=\"19ff90a6\" data-element_type=\"widget\" data-widget_type=\"text-editor.default\">\n\t\t\t\t<div class=\"elementor-widget-container\">\n\t\t\t<style>\/*! elementor - v3.23.0 - 05-08-2024 *\/\n.elementor-widget-text-editor.elementor-drop-cap-view-stacked .elementor-drop-cap{background-color:#69727d;color:#fff}.elementor-widget-text-editor.elementor-drop-cap-view-framed .elementor-drop-cap{color:#69727d;border:3px solid;background-color:transparent}.elementor-widget-text-editor:not(.elementor-drop-cap-view-default) .elementor-drop-cap{margin-top:8px}.elementor-widget-text-editor:not(.elementor-drop-cap-view-default) .elementor-drop-cap-letter{width:1em;height:1em}.elementor-widget-text-editor .elementor-drop-cap{float:left;text-align:center;line-height:1;font-size:50px}.elementor-widget-text-editor .elementor-drop-cap-letter{display:inline-block}<\/style>\t\t\t\t<p>Izpolnite spodnji kontaktni obrazec za ponudbo diplomske naloge.<\/p>\t\t\t\t\t\t<\/div>\n\t\t\t\t<\/div>\n\t\t\t\t\t<\/div>\n\t\t<\/div>\n\t\t\t\t\t<\/div>\n\t\t<\/section>\n\t\t\t\t<section class=\"elementor-section elementor-top-section elementor-element elementor-element-6e5a9e65 elementor-section-content-middle elementor-section-boxed elementor-section-height-default elementor-section-height-default\" data-id=\"6e5a9e65\" data-element_type=\"section\" data-settings=\"{&quot;background_background&quot;:&quot;classic&quot;}\">\n\t\t\t\t\t\t<div class=\"elementor-container elementor-column-gap-no\">\n\t\t\t\t\t<div class=\"elementor-column elementor-col-100 elementor-top-column elementor-element elementor-element-72b4d287\" data-id=\"72b4d287\" data-element_type=\"column\" data-settings=\"{&quot;background_background&quot;:&quot;classic&quot;}\">\n\t\t\t<div class=\"elementor-widget-wrap elementor-element-populated\">\n\t\t\t\t\t\t<div class=\"elementor-element elementor-element-57157bc elementor-widget elementor-widget-wpforms\" data-id=\"57157bc\" data-element_type=\"widget\" data-widget_type=\"wpforms.default\">\n\t\t\t\t<div class=\"elementor-widget-container\">\n\t\t\t<div class=\"wpforms-container \" id=\"wpforms-5\"><form id=\"wpforms-form-5\" class=\"wpforms-validate wpforms-form\" data-formid=\"5\" method=\"post\" enctype=\"multipart\/form-data\" action=\"\/en\/wp-json\/wp\/v2\/pages\/1251\" data-token=\"c94bd0e9f10a01d91eca38d86d8d476a\" data-token-time=\"1778319451\"><noscript class=\"wpforms-error-noscript\">Please enable JavaScript in your browser to complete this form.<\/noscript><div class=\"wpforms-field-container\"><div id=\"wpforms-5-field_0-container\" class=\"wpforms-field wpforms-field-name\" data-field-id=\"0\"><label class=\"wpforms-field-label\" for=\"wpforms-5-field_0\">Ime in priimek <span class=\"wpforms-required-label\">*<\/span><\/label><input type=\"text\" id=\"wpforms-5-field_0\" class=\"wpforms-field-large wpforms-field-required\" name=\"wpforms[fields][0]\" required><\/div><div id=\"wpforms-5-field_4-container\" class=\"wpforms-field wpforms-field-text\" data-field-id=\"4\"><label class=\"wpforms-field-label\" for=\"wpforms-5-field_4\">Naslov <span class=\"wpforms-required-label\">*<\/span><\/label><input type=\"text\" id=\"wpforms-5-field_4\" class=\"wpforms-field-large wpforms-field-required\" name=\"wpforms[fields][4]\" required><\/div><div id=\"wpforms-5-field_1-container\" class=\"wpforms-field wpforms-field-email\" data-field-id=\"1\"><label class=\"wpforms-field-label\" for=\"wpforms-5-field_1\">Email <span class=\"wpforms-required-label\">*<\/span><\/label><input type=\"email\" id=\"wpforms-5-field_1\" class=\"wpforms-field-large wpforms-field-required\" name=\"wpforms[fields][1]\" spellcheck=\"false\" required><\/div><div id=\"wpforms-5-field_5-container\" class=\"wpforms-field wpforms-field-number\" data-field-id=\"5\"><label class=\"wpforms-field-label\" for=\"wpforms-5-field_5\">Telefon <span class=\"wpforms-required-label\">*<\/span><\/label><input type=\"number\" id=\"wpforms-5-field_5\" class=\"wpforms-field-large wpforms-field-required\" name=\"wpforms[fields][5]\" step=\"any\" required><\/div><div id=\"wpforms-5-field_7-container\" class=\"wpforms-field wpforms-field-text\" data-field-id=\"7\"><label class=\"wpforms-field-label\" for=\"wpforms-5-field_7\">Rok izdelave<\/label><input type=\"text\" id=\"wpforms-5-field_7\" class=\"wpforms-field-large\" name=\"wpforms[fields][7]\" ><\/div><div id=\"wpforms-5-field_6-container\" class=\"wpforms-field wpforms-field-text\" data-field-id=\"6\"><label class=\"wpforms-field-label\" for=\"wpforms-5-field_6\">\u0160tevilo izvodov<\/label><input type=\"text\" id=\"wpforms-5-field_6\" class=\"wpforms-field-large\" name=\"wpforms[fields][6]\" ><\/div><div id=\"wpforms-5-field_8-container\" class=\"wpforms-field wpforms-field-text\" data-field-id=\"8\"><label class=\"wpforms-field-label\" for=\"wpforms-5-field_8\">\u0160t. \u010drno-belih strani v enem izvodu<\/label><input type=\"text\" id=\"wpforms-5-field_8\" class=\"wpforms-field-large\" name=\"wpforms[fields][8]\" ><\/div><div id=\"wpforms-5-field_9-container\" class=\"wpforms-field wpforms-field-text\" data-field-id=\"9\"><label class=\"wpforms-field-label\" for=\"wpforms-5-field_9\">\u0160t. barvnih strani v enem izvodu<\/label><input type=\"text\" id=\"wpforms-5-field_9\" class=\"wpforms-field-large\" name=\"wpforms[fields][9]\" ><\/div><div id=\"wpforms-5-field_10-container\" class=\"wpforms-field wpforms-field-select wpforms-field-select-style-classic\" data-field-id=\"10\"><label class=\"wpforms-field-label\" for=\"wpforms-5-field_10\">Na\u010din tiska<\/label><select id=\"wpforms-5-field_10\" class=\"wpforms-field-large\" name=\"wpforms[fields][10]\"><option value=\"\" class=\"placeholder\" disabled  selected='selected'>Izberi<\/option><option value=\"Enostransko\"  class=\"choice-1 depth-1\"  >Enostransko<\/option><option value=\"Obojestransko\"  class=\"choice-2 depth-1\"  >Obojestransko<\/option><\/select><\/div><div id=\"wpforms-5-field_11-container\" class=\"wpforms-field wpforms-field-select wpforms-field-select-style-classic\" data-field-id=\"11\"><label class=\"wpforms-field-label\" for=\"wpforms-5-field_11\">Barva platnic<\/label><select id=\"wpforms-5-field_11\" class=\"wpforms-field-large\" name=\"wpforms[fields][11]\"><option value=\"\" class=\"placeholder\" disabled  selected='selected'>Izberi<\/option><option value=\"Temno modra\"  class=\"choice-1 depth-1\"  >Temno modra<\/option><option value=\"Bordo rde\u010da\"  class=\"choice-2 depth-1\"  >Bordo rde\u010da<\/option><option value=\"\u010crna\"  class=\"choice-3 depth-1\"  >\u010crna<\/option><option value=\"Bela\"  class=\"choice-4 depth-1\"  >Bela<\/option><\/select><\/div><div id=\"wpforms-5-field_12-container\" class=\"wpforms-field wpforms-field-select wpforms-field-select-style-classic\" data-field-id=\"12\"><label class=\"wpforms-field-label\" for=\"wpforms-5-field_12\">Barva potiska na platnicah<\/label><select id=\"wpforms-5-field_12\" class=\"wpforms-field-large\" name=\"wpforms[fields][12]\"><option value=\"\" class=\"placeholder\" disabled  selected='selected'>Izberi<\/option><option value=\"Zlata\"  class=\"choice-1 depth-1\"  >Zlata<\/option><option value=\"Srebrna\"  class=\"choice-2 depth-1\"  >Srebrna<\/option><option value=\"\u010crna\"  class=\"choice-3 depth-1\"  >\u010crna<\/option><option value=\"Bela\"  class=\"choice-4 depth-1\"  >Bela<\/option><\/select><\/div><div id=\"wpforms-5-field_13-container\" class=\"wpforms-field wpforms-field-select wpforms-field-select-style-classic\" data-field-id=\"13\"><label class=\"wpforms-field-label\" for=\"wpforms-5-field_13\">Potisk hrbti\u0161\u010da<\/label><select id=\"wpforms-5-field_13\" class=\"wpforms-field-large\" name=\"wpforms[fields][13]\"><option value=\"\" class=\"placeholder\" disabled  selected='selected'>Izberi<\/option><option value=\"Da\"  class=\"choice-1 depth-1\"  >Da<\/option><option value=\"Ne\"  class=\"choice-2 depth-1\"  >Ne<\/option><\/select><\/div><div id=\"wpforms-5-field_15-container\" class=\"wpforms-field wpforms-field-gdpr-checkbox\" data-field-id=\"15\"><label class=\"wpforms-field-label\">GDPR <span class=\"wpforms-required-label\">*<\/span><\/label><ul id=\"wpforms-5-field_15\" class=\"wpforms-field-required\"><li class=\"choice-1\"><input type=\"checkbox\" id=\"wpforms-5-field_15_1\" name=\"wpforms[fields][15][]\" value=\"Strinjam se, da to spletno mesto shrani moje poslane podatke, izklju\u010dno za namen obdelave sporo\u010dila.\" required ><label class=\"wpforms-field-label-inline\" for=\"wpforms-5-field_15_1\">Strinjam se, da to spletno mesto shrani moje poslane podatke, izklju\u010dno za namen obdelave sporo\u010dila.<\/label><\/li><\/ul><\/div><\/div><!-- .wpforms-field-container --><div class=\"wpforms-recaptcha-container wpforms-is-recaptcha wpforms-is-recaptcha-type-v3\" ><input type=\"hidden\" name=\"wpforms[recaptcha]\" value=\"\"><\/div><div class=\"wpforms-submit-container\" ><input type=\"hidden\" name=\"wpforms[id]\" value=\"5\"><input type=\"hidden\" name=\"page_title\" value=\"\"><input type=\"hidden\" name=\"page_url\" value=\"https:\/\/tiskarna-radovljica.si\/en\/wp-json\/wp\/v2\/pages\/1251\"><input type=\"hidden\" name=\"url_referer\" value=\"\"><button type=\"submit\" name=\"wpforms[submit]\" id=\"wpforms-submit-5\" class=\"wpforms-submit\" data-alt-text=\"Po\u0161iljamo...\" data-submit-text=\"Po\u0161lji povpra\u0161evanje\" aria-live=\"assertive\" value=\"wpforms-submit\">Po\u0161lji povpra\u0161evanje<\/button><\/div><\/form><\/div>  <!-- .wpforms-container -->\t\t<\/div>\n\t\t\t\t<\/div>\n\t\t\t\t\t<\/div>\n\t\t<\/div>\n\t\t\t\t\t<\/div>\n\t\t<\/section>\n\t\t\t\t<\/div>\n\t\t","protected":false},"excerpt":{"rendered":"<p>Tisk diplomske naloge Tu smo, da vam svetujemo, uresni\u010dimo va\u0161e \u017eelje in skupaj najdemo pravo pot do cilja. Izpolnite spodnji kontaktni obrazec za ponudbo diplomske naloge.<\/p>","protected":false},"author":1,"featured_media":0,"parent":0,"menu_order":0,"comment_status":"closed","ping_status":"closed","template":"","meta":{"site-sidebar-layout":"no-sidebar","site-content-layout":"page-builder","ast-site-content-layout":"","site-content-style":"default","site-sidebar-style":"default","ast-global-header-display":"","ast-banner-title-visibility":"","ast-main-header-display":"","ast-hfb-above-header-display":"","ast-hfb-below-header-display":"","ast-hfb-mobile-header-display":"","site-post-title":"disabled","ast-breadcrumbs-content":"","ast-featured-img":"disabled","footer-sml-layout":"","theme-transparent-header-meta":"","adv-header-id-meta":"","stick-header-meta":"","header-above-stick-meta":"","header-main-stick-meta":"","header-below-stick-meta":"","astra-migrate-meta-layouts":"default","ast-page-background-enabled":"default","ast-page-background-meta":{"desktop":{"background-color":"","background-image":"","background-repeat":"repeat","background-position":"center center","background-size":"auto","background-attachment":"scroll","background-type":"","background-media":"","overlay-type":"","overlay-color":"","overlay-opacity":"","overlay-gradient":""},"tablet":{"background-color":"","background-image":"","background-repeat":"repeat","background-position":"center center","background-size":"auto","background-attachment":"scroll","background-type":"","background-media":"","overlay-type":"","overlay-color":"","overlay-opacity":"","overlay-gradient":""},"mobile":{"background-color":"","background-image":"","background-repeat":"repeat","background-position":"center center","background-size":"auto","background-attachment":"scroll","background-type":"","background-media":"","overlay-type":"","overlay-color":"","overlay-opacity":"","overlay-gradient":""}},"ast-content-background-meta":{"desktop":{"background-color":"var(--ast-global-color-5)","background-image":"","background-repeat":"repeat","background-position":"center center","background-size":"auto","background-attachment":"scroll","background-type":"","background-media":"","overlay-type":"","overlay-color":"","overlay-opacity":"","overlay-gradient":""},"tablet":{"background-color":"var(--ast-global-color-5)","background-image":"","background-repeat":"repeat","background-position":"center center","background-size":"auto","background-attachment":"scroll","background-type":"","background-media":"","overlay-type":"","overlay-color":"","overlay-opacity":"","overlay-gradient":""},"mobile":{"background-color":"var(--ast-global-color-5)","background-image":"","background-repeat":"repeat","background-position":"center center","background-size":"auto","background-attachment":"scroll","background-type":"","background-media":"","overlay-type":"","overlay-color":"","overlay-opacity":"","overlay-gradient":""}},"footnotes":""},"folder":[],"class_list":["post-1251","page","type-page","status-publish","hentry"],"yoast_head":"<!-- This site is optimized with the Yoast SEO plugin v27.5 - https:\/\/yoast.com\/product\/yoast-seo-wordpress\/ -->\n<title>Tisk diplomske naloge - Tiskarna Radovljica<\/title>\n<meta name=\"description\" content=\"Tisk diplomske naloge. Tu smo, da vam svetujemo, uresni\u010dimo va\u0161e \u017eelje in skupaj najdemo pravo pot do cilja.\" \/>\n<meta name=\"robots\" content=\"index, follow, max-snippet:-1, max-image-preview:large, max-video-preview:-1\" \/>\n<link rel=\"canonical\" href=\"https:\/\/tiskarna-radovljica.si\/en\/tisk-diplomske-naloge\/\" \/>\n<meta property=\"og:locale\" content=\"en_US\" \/>\n<meta property=\"og:type\" content=\"article\" \/>\n<meta property=\"og:title\" content=\"Tisk diplomske naloge - Tiskarna Radovljica\" \/>\n<meta property=\"og:description\" content=\"Tisk diplomske naloge. Tu smo, da vam svetujemo, uresni\u010dimo va\u0161e \u017eelje in skupaj najdemo pravo pot do cilja.\" \/>\n<meta property=\"og:url\" content=\"https:\/\/tiskarna-radovljica.si\/en\/tisk-diplomske-naloge\/\" \/>\n<meta property=\"og:site_name\" content=\"Tiskarna Radovljica\" \/>\n<meta property=\"article:publisher\" content=\"https:\/\/www.facebook.com\/TiskarnaRadovljica\/\" \/>\n<meta property=\"article:modified_time\" content=\"2022-07-20T07:39:50+00:00\" \/>\n<meta name=\"twitter:card\" content=\"summary_large_image\" \/>\n<meta name=\"twitter:label1\" content=\"Est. reading time\" \/>\n\t<meta name=\"twitter:data1\" content=\"1 minute\" \/>\n<script type=\"application\/ld+json\" class=\"yoast-schema-graph\">{\"@context\":\"https:\\\/\\\/schema.org\",\"@graph\":[{\"@type\":\"WebPage\",\"@id\":\"https:\\\/\\\/tiskarna-radovljica.si\\\/tisk-diplomske-naloge\\\/\",\"url\":\"https:\\\/\\\/tiskarna-radovljica.si\\\/tisk-diplomske-naloge\\\/\",\"name\":\"Tisk diplomske naloge - Tiskarna Radovljica\",\"isPartOf\":{\"@id\":\"https:\\\/\\\/tiskarna-radovljica.si\\\/#website\"},\"datePublished\":\"2022-07-20T07:15:57+00:00\",\"dateModified\":\"2022-07-20T07:39:50+00:00\",\"description\":\"Tisk diplomske naloge. Tu smo, da vam svetujemo, uresni\u010dimo va\u0161e \u017eelje in skupaj najdemo pravo pot do cilja.\",\"breadcrumb\":{\"@id\":\"https:\\\/\\\/tiskarna-radovljica.si\\\/tisk-diplomske-naloge\\\/#breadcrumb\"},\"inLanguage\":\"en-US\",\"potentialAction\":[{\"@type\":\"ReadAction\",\"target\":[\"https:\\\/\\\/tiskarna-radovljica.si\\\/tisk-diplomske-naloge\\\/\"]}]},{\"@type\":\"BreadcrumbList\",\"@id\":\"https:\\\/\\\/tiskarna-radovljica.si\\\/tisk-diplomske-naloge\\\/#breadcrumb\",\"itemListElement\":[{\"@type\":\"ListItem\",\"position\":1,\"name\":\"Home\",\"item\":\"https:\\\/\\\/tiskarna-radovljica.si\\\/\"},{\"@type\":\"ListItem\",\"position\":2,\"name\":\"Tisk diplomske naloge\"}]},{\"@type\":\"WebSite\",\"@id\":\"https:\\\/\\\/tiskarna-radovljica.si\\\/#website\",\"url\":\"https:\\\/\\\/tiskarna-radovljica.si\\\/\",\"name\":\"Tiskarna Radovljica\",\"description\":\"Tiskarna in knjigoveznica Radovljica\",\"publisher\":{\"@id\":\"https:\\\/\\\/tiskarna-radovljica.si\\\/#organization\"},\"potentialAction\":[{\"@type\":\"SearchAction\",\"target\":{\"@type\":\"EntryPoint\",\"urlTemplate\":\"https:\\\/\\\/tiskarna-radovljica.si\\\/?s={search_term_string}\"},\"query-input\":{\"@type\":\"PropertyValueSpecification\",\"valueRequired\":true,\"valueName\":\"search_term_string\"}}],\"inLanguage\":\"en-US\"},{\"@type\":\"Organization\",\"@id\":\"https:\\\/\\\/tiskarna-radovljica.si\\\/#organization\",\"name\":\"Tiskarna in knjigoveznica Radovljica\",\"url\":\"https:\\\/\\\/tiskarna-radovljica.si\\\/\",\"logo\":{\"@type\":\"ImageObject\",\"inLanguage\":\"en-US\",\"@id\":\"https:\\\/\\\/tiskarna-radovljica.si\\\/#\\\/schema\\\/logo\\\/image\\\/\",\"url\":\"https:\\\/\\\/tiskarna-radovljica.si\\\/wp-content\\\/uploads\\\/2022\\\/07\\\/TISKARNA_LOGO.png\",\"contentUrl\":\"https:\\\/\\\/tiskarna-radovljica.si\\\/wp-content\\\/uploads\\\/2022\\\/07\\\/TISKARNA_LOGO.png\",\"width\":2896,\"height\":724,\"caption\":\"Tiskarna in knjigoveznica Radovljica\"},\"image\":{\"@id\":\"https:\\\/\\\/tiskarna-radovljica.si\\\/#\\\/schema\\\/logo\\\/image\\\/\"},\"sameAs\":[\"https:\\\/\\\/www.facebook.com\\\/TiskarnaRadovljica\\\/\",\"https:\\\/\\\/www.linkedin.com\\\/in\\\/tiskarna-radovljica-9b522a1a6\\\/\"]}]}<\/script>\n<!-- \/ Yoast SEO plugin. -->","yoast_head_json":{"title":"Tisk diplomske naloge - Tiskarna Radovljica","description":"Tisk diplomske naloge. Tu smo, da vam svetujemo, uresni\u010dimo va\u0161e \u017eelje in skupaj najdemo pravo pot do cilja.","robots":{"index":"index","follow":"follow","max-snippet":"max-snippet:-1","max-image-preview":"max-image-preview:large","max-video-preview":"max-video-preview:-1"},"canonical":"https:\/\/tiskarna-radovljica.si\/en\/tisk-diplomske-naloge\/","og_locale":"en_US","og_type":"article","og_title":"Tisk diplomske naloge - Tiskarna Radovljica","og_description":"Tisk diplomske naloge. Tu smo, da vam svetujemo, uresni\u010dimo va\u0161e \u017eelje in skupaj najdemo pravo pot do cilja.","og_url":"https:\/\/tiskarna-radovljica.si\/en\/tisk-diplomske-naloge\/","og_site_name":"Tiskarna Radovljica","article_publisher":"https:\/\/www.facebook.com\/TiskarnaRadovljica\/","article_modified_time":"2022-07-20T07:39:50+00:00","twitter_card":"summary_large_image","twitter_misc":{"Est. reading time":"1 minute"},"schema":{"@context":"https:\/\/schema.org","@graph":[{"@type":"WebPage","@id":"https:\/\/tiskarna-radovljica.si\/tisk-diplomske-naloge\/","url":"https:\/\/tiskarna-radovljica.si\/tisk-diplomske-naloge\/","name":"Tisk diplomske naloge - Tiskarna Radovljica","isPartOf":{"@id":"https:\/\/tiskarna-radovljica.si\/#website"},"datePublished":"2022-07-20T07:15:57+00:00","dateModified":"2022-07-20T07:39:50+00:00","description":"Tisk diplomske naloge. Tu smo, da vam svetujemo, uresni\u010dimo va\u0161e \u017eelje in skupaj najdemo pravo pot do cilja.","breadcrumb":{"@id":"https:\/\/tiskarna-radovljica.si\/tisk-diplomske-naloge\/#breadcrumb"},"inLanguage":"en-US","potentialAction":[{"@type":"ReadAction","target":["https:\/\/tiskarna-radovljica.si\/tisk-diplomske-naloge\/"]}]},{"@type":"BreadcrumbList","@id":"https:\/\/tiskarna-radovljica.si\/tisk-diplomske-naloge\/#breadcrumb","itemListElement":[{"@type":"ListItem","position":1,"name":"Home","item":"https:\/\/tiskarna-radovljica.si\/"},{"@type":"ListItem","position":2,"name":"Tisk diplomske naloge"}]},{"@type":"WebSite","@id":"https:\/\/tiskarna-radovljica.si\/#website","url":"https:\/\/tiskarna-radovljica.si\/","name":"Tiskarna Radovljica","description":"Tiskarna in knjigoveznica Radovljica","publisher":{"@id":"https:\/\/tiskarna-radovljica.si\/#organization"},"potentialAction":[{"@type":"SearchAction","target":{"@type":"EntryPoint","urlTemplate":"https:\/\/tiskarna-radovljica.si\/?s={search_term_string}"},"query-input":{"@type":"PropertyValueSpecification","valueRequired":true,"valueName":"search_term_string"}}],"inLanguage":"en-US"},{"@type":"Organization","@id":"https:\/\/tiskarna-radovljica.si\/#organization","name":"Tiskarna in knjigoveznica Radovljica","url":"https:\/\/tiskarna-radovljica.si\/","logo":{"@type":"ImageObject","inLanguage":"en-US","@id":"https:\/\/tiskarna-radovljica.si\/#\/schema\/logo\/image\/","url":"https:\/\/tiskarna-radovljica.si\/wp-content\/uploads\/2022\/07\/TISKARNA_LOGO.png","contentUrl":"https:\/\/tiskarna-radovljica.si\/wp-content\/uploads\/2022\/07\/TISKARNA_LOGO.png","width":2896,"height":724,"caption":"Tiskarna in knjigoveznica Radovljica"},"image":{"@id":"https:\/\/tiskarna-radovljica.si\/#\/schema\/logo\/image\/"},"sameAs":["https:\/\/www.facebook.com\/TiskarnaRadovljica\/","https:\/\/www.linkedin.com\/in\/tiskarna-radovljica-9b522a1a6\/"]}]}},"_links":{"self":[{"href":"https:\/\/tiskarna-radovljica.si\/en\/wp-json\/wp\/v2\/pages\/1251","targetHints":{"allow":["GET"]}}],"collection":[{"href":"https:\/\/tiskarna-radovljica.si\/en\/wp-json\/wp\/v2\/pages"}],"about":[{"href":"https:\/\/tiskarna-radovljica.si\/en\/wp-json\/wp\/v2\/types\/page"}],"author":[{"embeddable":true,"href":"https:\/\/tiskarna-radovljica.si\/en\/wp-json\/wp\/v2\/users\/1"}],"replies":[{"embeddable":true,"href":"https:\/\/tiskarna-radovljica.si\/en\/wp-json\/wp\/v2\/comments?post=1251"}],"version-history":[{"count":0,"href":"https:\/\/tiskarna-radovljica.si\/en\/wp-json\/wp\/v2\/pages\/1251\/revisions"}],"wp:attachment":[{"href":"https:\/\/tiskarna-radovljica.si\/en\/wp-json\/wp\/v2\/media?parent=1251"}],"wp:term":[{"taxonomy":"folder","embeddable":true,"href":"https:\/\/tiskarna-radovljica.si\/en\/wp-json\/wp\/v2\/folder?post=1251"}],"curies":[{"name":"wp","href":"https:\/\/api.w.org\/{rel}","templated":true}]}}