{"id":1227,"date":"2022-07-20T08:04:34","date_gmt":"2022-07-20T07:04:34","guid":{"rendered":"https:\/\/tiskarna-radovljica.si\/?page_id=1227"},"modified":"2022-07-20T08:05:54","modified_gmt":"2022-07-20T07:05:54","slug":"politika-zasebnosti","status":"publish","type":"page","link":"https:\/\/tiskarna-radovljica.si\/en\/politika-zasebnosti\/","title":{"rendered":"Privacy policy"},"content":{"rendered":"\t\t<div data-elementor-type=\"wp-page\" data-elementor-id=\"1227\" class=\"elementor elementor-1227\">\n\t\t\t\t\t\t<section class=\"elementor-section elementor-top-section elementor-element elementor-element-2af31b2c elementor-section-boxed elementor-section-height-default elementor-section-height-default\" data-id=\"2af31b2c\" data-element_type=\"section\" data-settings=\"{&quot;background_background&quot;:&quot;classic&quot;}\">\n\t\t\t\t\t\t\t<div class=\"elementor-background-overlay\"><\/div>\n\t\t\t\t\t\t\t<div class=\"elementor-container elementor-column-gap-no\">\n\t\t\t\t\t<div class=\"elementor-column elementor-col-100 elementor-top-column elementor-element elementor-element-1588b01e\" data-id=\"1588b01e\" data-element_type=\"column\">\n\t\t\t<div class=\"elementor-widget-wrap elementor-element-populated\">\n\t\t\t\t\t\t<div class=\"elementor-element elementor-element-12c3c682 elementor-widget elementor-widget-heading\" data-id=\"12c3c682\" data-element_type=\"widget\" data-widget_type=\"heading.default\">\n\t\t\t\t<div class=\"elementor-widget-container\">\n\t\t\t<style>\/*! elementor - v3.23.0 - 05-08-2024 *\/\n.elementor-heading-title{padding:0;margin:0;line-height:1}.elementor-widget-heading .elementor-heading-title[class*=elementor-size-]>a{color:inherit;font-size:inherit;line-height:inherit}.elementor-widget-heading .elementor-heading-title.elementor-size-small{font-size:15px}.elementor-widget-heading .elementor-heading-title.elementor-size-medium{font-size:19px}.elementor-widget-heading .elementor-heading-title.elementor-size-large{font-size:29px}.elementor-widget-heading .elementor-heading-title.elementor-size-xl{font-size:39px}.elementor-widget-heading .elementor-heading-title.elementor-size-xxl{font-size:59px}<\/style><h1 class=\"elementor-heading-title elementor-size-default\">Politika zasebnosti<\/h1>\t\t<\/div>\n\t\t\t\t<\/div>\n\t\t\t\t\t<\/div>\n\t\t<\/div>\n\t\t\t\t\t<\/div>\n\t\t<\/section>\n\t\t\t\t<section class=\"elementor-section elementor-top-section elementor-element elementor-element-2f32d259 elementor-section-boxed elementor-section-height-default elementor-section-height-default\" data-id=\"2f32d259\" data-element_type=\"section\" data-settings=\"{&quot;background_background&quot;:&quot;classic&quot;}\">\n\t\t\t\t\t\t<div class=\"elementor-container elementor-column-gap-no\">\n\t\t\t\t\t<div class=\"elementor-column elementor-col-100 elementor-top-column elementor-element elementor-element-504a9f0e\" data-id=\"504a9f0e\" data-element_type=\"column\">\n\t\t\t<div class=\"elementor-widget-wrap elementor-element-populated\">\n\t\t\t\t\t\t<div class=\"elementor-element elementor-element-43eefae elementor-widget elementor-widget-text-editor\" data-id=\"43eefae\" data-element_type=\"widget\" data-widget_type=\"text-editor.default\">\n\t\t\t\t<div class=\"elementor-widget-container\">\n\t\t\t<style>\/*! elementor - v3.23.0 - 05-08-2024 *\/\n.elementor-widget-text-editor.elementor-drop-cap-view-stacked .elementor-drop-cap{background-color:#69727d;color:#fff}.elementor-widget-text-editor.elementor-drop-cap-view-framed .elementor-drop-cap{color:#69727d;border:3px solid;background-color:transparent}.elementor-widget-text-editor:not(.elementor-drop-cap-view-default) .elementor-drop-cap{margin-top:8px}.elementor-widget-text-editor:not(.elementor-drop-cap-view-default) .elementor-drop-cap-letter{width:1em;height:1em}.elementor-widget-text-editor .elementor-drop-cap{float:left;text-align:center;line-height:1;font-size:50px}.elementor-widget-text-editor .elementor-drop-cap-letter{display:inline-block}<\/style>\t\t\t\t<p>Lastnik in upravljalec spletnega mesta www.tiskarna-radovljica.si<br \/>Uradno ime podjetja: Tiskarna Radovljica d.o.o.<br \/>Sede\u017e podjetja: Ljubljanska cesta 56, 4240 Radovljica<br \/>Spletna stran: www.tiskarna-radovljica.si<br \/>Email: info@tkr.si<\/p><p><strong>Uporaba, obseg in namen hranjenja in obdelave<br \/><\/strong>Osebne podatke hranimo in obdelujemo za namene ohranjevanja stika s strankami, tr\u017enega obve\u0161\u010danja prek elektronske po\u0161te, pospe\u0161evanja prodaje, profiliranja strank s ciljem prilagojene ponudbe vsebin in izdelkov strankam v elektronski po\u0161ti in na spletnih straneh. Ob poslanih elektronskih sporo\u010dilih si zabele\u017eimo prikaze na strani posameznikov prejetih sporo\u010dil in klike na povezave v prejetih sporo\u010dilih. Za bolj\u0161o in bolj usmerjeno ponudbo ter prilagajanje nadaljnjih sporo\u010dil zabele\u017eene podatke avtomatsko obdelamo, analiziramo, profiliramo ter ocenjujemo zainteresiranost na\u0161ih strank za poslana sporo\u010dila. Na osnovi zabele\u017eenih podatkov in ustvarjenih profilov ne izvajamo avtomatiziranega sprejemanja odlo\u010ditev.<\/p><p><strong>Za namen obve\u0161\u010danja preko elektronske po\u0161te hranimo naslednje podatke:<br \/><\/strong>naslov elektronske po\u0161te,<br \/>ime,<br \/>priimek,<br \/>telefonska \u0161tevilka<br \/>Osebne podatke zbiramo z izrecno privolitvijo oz. soglasjem posameznikov. Soglasja hranimo skupaj z njihovo vsebino in vsebino obrazca, s katerim so bila dobljena.<\/p><p><strong>Iznos<\/strong><br \/>Zbrani osebni podatki se hranijo na obmo\u010dju Republike Slovenije ter jih v nobenem primeru ne izna\u0161amo v druge dr\u017eave.<\/p><p><strong>Obdobje hrambe<\/strong><br \/>Do preklica soglasja za hranjene in obdelavo podatkov, hranimo zbranke osebne podatke posameznikov. V primeru, da pride do preklica soglasja posamenika, potem njegove osebne podatke nemudoma trajno izbri\u0161emo.<\/p><p>V kolikor bi v na\u0161em podjetju prenehali zgoraj opisani nameni, zaradi katerih hranimo in obdelujemo osebne podatke, bomo zbirke podatkov, katerih namen je prenehal, nemudoma trajno izbrisali.<\/p><p>Podatke o prikazih prejetih sporo\u010dil in klikih na povezave v prejetih sporo\u010dilih hranimo \u0161e 12 mesecev od po\u0161iljanja sporo\u010dila.<\/p><p><strong>Kako varujemo zbrane osebne podatke<\/strong><br \/>Vedno posredujemo zgolj vsebine in informacije, nikoli pa ne zahtevamo \u0161tevilke kreditnih kartic ali drugih podatkov, ki bi lahko bili zlorabljeni s strani spletnih kriminalcev. Spletna stran www.tiskarna-radovljica.si gostuje na varnem spletnem stre\u017eniku pri preverjenem ponudniku spletnih storitev. Spletna stran je redno posodabljana z na\u0161e strani. Z ponudnikove spletnih storitev je spletna stran podv\u017eena rednim varnostnim pregledom in za\u0161\u010ditam.<\/p><p>Zbrane osebne podatke uporabljamo izklju\u010dno za zgoraj navedene namene lastnega tr\u017eenja, obve\u0161\u010danja uporabnikov. Podatke ne posredujemo tretjim osebam, razen partnerjem, ki nam pomagajo vzdr\u017eevati spletno stran, ki pa so zavezani varovati osebne podatke pod istimi pogoji kot to velja za Tiskarna Radovljica d.o.o.<\/p><p>V izjemnih primerih lahko va\u0161e osebne podatke, v skladu z zakonom, posredujemo dr\u017eavnim in varnostnim organom, v kolikor bi ti podali uradno zahtevo za posredovanje osebnih podatkov.<\/p><p><strong>Pravice posameznika<\/strong><br \/>Vsak posameznik lahko za svoje podatke kadarkoli zahteva slede\u010de:<\/p><p>vpogled,<br \/>popravek,<br \/>popoln izbris,<br \/>prenos drugemu ponudniku sorodnih storitev,<br \/>prekinitev obdelave in hranjenja oz. preklic soglasja za obdelavo in hranjenje, ne da bi to vplivalo na zakonitost obdelave, ki se je na podlagi privolitve oz. soglasja izvajala do njegovega preklica.<br \/>Zahtevo lahko po\u0161lje preko e maila info@tkr.si s pripisom \u201cODJAVA ! \u2013 prenehanje uporabe osebnih podatkov\u201d ali pisno po po\u0161ti na sede\u017e podjetja.<\/p><p>V primeru, da bi v na\u0161em podjetju \u017eeleli nadalje obdelovati osebne podatke za namen, ki ni namen, za katerega so bili osebni podatki zbrani, bomo posamezniku pred tako nadaljnjo obdelavo podatkov zagotovili informacije o tem drugem namenu in vse nadaljnje relevantne informacije, kot so podane v temu dokumentu.<\/p><p>Vsak posameznik lahko v primeru, da meni, da so mu z na\u0161e strani kakorkoli kr\u0161ene pravice z naslova varstva njegovih osebnih podatkov, kadarkoli poda prito\u017ebo pri nadzornemu organu \u2013 Informacijskemu poobla\u0161\u010dencu v Republiki Sloveniji:<br \/>Republika Slovenija, Informacijski poobla\u0161\u010denec, Zalo\u0161ka 59, 1000 Ljubljana, https:\/\/www.ip-rs.si<\/p><p>Tiskarna Radovljica d.o.o. spo\u0161tuje va\u0161o zasebnost in v skladu z zakonodajo (Zakon o varstvu osebnih podatkov ZVOP-1, Ur. l. RS \u0161t. 86\/04 in GDPR), zato na spletni strani www.tiskarna-radovljica.si izvajamo vse aktivnosti za za\u0161\u010dito in eti\u010dno ravnanje z va\u0161imi osebnimi podatki.<\/p><p>Za vsa dodatna pojasnila v zvezi s politiko varovanja osebnih podatkov v podjetju Tiskarna Radovljica d.o.o. nam lahko pi\u0161ete na info@tiskarna-radovljica.si<\/p><p>Do preklica soglasja za hranjene in obdelavo podatkov hranimo zbranke osebne podatke posameznikov. V primeru, da pride do preklica soglasja posamenika, potem njegove osebne podatke nemudoma trajno izbri\u0161emo.<\/p><h2>Pi\u0161kotki<\/h2><p>Ta spletna stran uporablja pi\u0161kotke, da vam lahko zagotovimo najbolj\u0161o mo\u017eno uporabni\u0161ko izku\u0161njo. Podatki o pi\u0161kotkih so shranjeni v va\u0161em brskalniku, omogo\u010dajo pa dodatne funkcije delovanja kot je prepoznavanje vas, ko se vrnete na na\u0161e spletno mesto\u2026<\/p><p><strong>Kaj je pi\u0161kotek ( angl. cookie )<\/strong><br \/>Pi\u0161kotki so datoteke, ki jih spletna mesta ustvarijo med obiskom. Spletna mesta v pi\u0161kotke shranijo v naprave uporabnikov z namenom prepoznavanja nastavitev za spletno mesto, podatkov o profilu in drugih podatkov, ki jih je uporabnik uporabil pri dostopu. Njihovo shranjevanje se nadzira s pomo\u010djo nastavitev brskalnika, ki jih lahko uporabnik po \u017eelji spreminja, torej omogo\u010di ali onemogo\u010di. Sam pi\u0161kotek ne vsebuje ali zbira informacij. Pi\u0161kotki so lahko shranjeni razli\u010dno dolgo, le za trajanje seje brskanja ali pa veliko dlje. Pi\u0161kotki, ki jih uporabljamo na na\u0161i spletni strani, ne zbirajo va\u0161ih osebnih podatkov, s katerimi bi vas bilo mogo\u010de osebno prepoznati in ne morejo po\u0161kodovati va\u0161ega ra\u010dunalnika, tablice ali mobilnega telefona.<\/p><p>Za\u010dasni ali sejni pi\u0161kotki\u00a0(session cookies) so name\u0161\u010deni, ko uporabnik odpre brskalnik, pa do trenutka, ko sejo kon\u010da in zapre brskalnik, s tem se pi\u0161kotek izbri\u0161e. Spletna mesta jih uporabljajo za shranjevanje za\u010dasnih informacij, na primer elementov v nakupovalnem vozi\u010dku, za ve\u010djo varnost pri spletnem ban\u010dni\u0161tvu, itd. Ker so taki pi\u0161kotki shranjeni za kraj\u0161i \u010das, je njihova invazivnost za zasebnost uporabnika lahko manj\u0161a.<\/p><p>Trajni ali shranjeni pi\u0161kotki\u00a0(persistent cookies) za shranjevanje trajnih informacij o obisku, izbranih mo\u017enostih, registraciji, nastavitvah jezika strani, gradnjo profilov uporabnikov, analiziranje prometa idr., ki bodo znova uporabljene ob naslednjem obisku spletne strani. Uporabljeni trajni pi\u0161kotki ostanejo shranjeni, tudi ko uporabnik zapre brskalnik in zaklju\u010di sejo. Trajni pi\u0161kotki lahko v ra\u010dunalniku ostanejo ve\u010d dni, mesecev ali celo let.<\/p><p>Lastni pi\u0161kotki\u00a0(1st party cookies) so pi\u0161kotki spletnega mesta, ki si ga uporabnik ogleduje, in so lahko trajni ali za\u010dasni. Spletna mesta te pi\u0161kotke uporabljajo za shranjevanje informacij, ki jih bodo znova uporabila, ko uporabnik naslednji\u010d obi\u0161\u010de to mesto. Uporabljeni lastni pi\u0161kotki vklju\u010dujejo tudi obvezne pi\u0161kotke, nujni za zagotovitev storitev, ki jih uporabnik zahteva in dostop do varnih obmo\u010dij spletnih strani.<\/p><p>Drugi pi\u0161kotki\u00a0(3rd party cookies) izvirajo od drugih, partnerskih, spletnih mest (ki na primer prikazujejo oglase na izvirni spletni strani ali merijo promet). Tretje strani lahko na ta na\u010din zbirajo podatke o uporabnikih iz razli\u010dnih spletnih mest in jih uporabljajo za razli\u010dne namene, od ogla\u0161evanja, analitike pa do izbolj\u0161ave svojih produktov. Taki pi\u0161kotki predstavljajo ve\u010dji poseg v zasebnost uporabnika. Druge pi\u0161kotke obi\u010dajno nalo\u017eijo tudi vdelani elementi npr. oglasi, videi in vti\u010dniki socialnih omre\u017eij.<\/p>\t\t\t\t\t\t<\/div>\n\t\t\t\t<\/div>\n\t\t\t\t\t<\/div>\n\t\t<\/div>\n\t\t\t\t\t<\/div>\n\t\t<\/section>\n\t\t\t\t<\/div>\n\t\t","protected":false},"excerpt":{"rendered":"<p>Politika zasebnosti Lastnik in upravljalec spletnega mesta www.tiskarna-radovljica.siUradno ime podjetja: Tiskarna Radovljica d.o.o.Sede\u017e podjetja: Ljubljanska cesta 56, 4240 RadovljicaSpletna stran: www.tiskarna-radovljica.siEmail: info@tkr.si Uporaba, obseg in namen hranjenja in obdelaveOsebne podatke hranimo in obdelujemo za namene ohranjevanja stika s strankami, tr\u017enega obve\u0161\u010danja prek elektronske po\u0161te, pospe\u0161evanja prodaje, profiliranja strank s ciljem prilagojene ponudbe vsebin in izdelkov [&hellip;]<\/p>\n","protected":false},"author":1,"featured_media":0,"parent":0,"menu_order":0,"comment_status":"closed","ping_status":"closed","template":"","meta":{"site-sidebar-layout":"no-sidebar","site-content-layout":"page-builder","ast-site-content-layout":"","site-content-style":"default","site-sidebar-style":"default","ast-global-header-display":"","ast-banner-title-visibility":"","ast-main-header-display":"","ast-hfb-above-header-display":"","ast-hfb-below-header-display":"","ast-hfb-mobile-header-display":"","site-post-title":"disabled","ast-breadcrumbs-content":"","ast-featured-img":"disabled","footer-sml-layout":"","theme-transparent-header-meta":"","adv-header-id-meta":"","stick-header-meta":"","header-above-stick-meta":"","header-main-stick-meta":"","header-below-stick-meta":"","astra-migrate-meta-layouts":"default","ast-page-background-enabled":"default","ast-page-background-meta":{"desktop":{"background-color":"","background-image":"","background-repeat":"repeat","background-position":"center center","background-size":"auto","background-attachment":"scroll","background-type":"","background-media":"","overlay-type":"","overlay-color":"","overlay-opacity":"","overlay-gradient":""},"tablet":{"background-color":"","background-image":"","background-repeat":"repeat","background-position":"center center","background-size":"auto","background-attachment":"scroll","background-type":"","background-media":"","overlay-type":"","overlay-color":"","overlay-opacity":"","overlay-gradient":""},"mobile":{"background-color":"","background-image":"","background-repeat":"repeat","background-position":"center center","background-size":"auto","background-attachment":"scroll","background-type":"","background-media":"","overlay-type":"","overlay-color":"","overlay-opacity":"","overlay-gradient":""}},"ast-content-background-meta":{"desktop":{"background-color":"var(--ast-global-color-5)","background-image":"","background-repeat":"repeat","background-position":"center center","background-size":"auto","background-attachment":"scroll","background-type":"","background-media":"","overlay-type":"","overlay-color":"","overlay-opacity":"","overlay-gradient":""},"tablet":{"background-color":"var(--ast-global-color-5)","background-image":"","background-repeat":"repeat","background-position":"center center","background-size":"auto","background-attachment":"scroll","background-type":"","background-media":"","overlay-type":"","overlay-color":"","overlay-opacity":"","overlay-gradient":""},"mobile":{"background-color":"var(--ast-global-color-5)","background-image":"","background-repeat":"repeat","background-position":"center center","background-size":"auto","background-attachment":"scroll","background-type":"","background-media":"","overlay-type":"","overlay-color":"","overlay-opacity":"","overlay-gradient":""}},"footnotes":""},"folder":[],"class_list":["post-1227","page","type-page","status-publish","hentry"],"yoast_head":"<!-- This site is optimized with the Yoast SEO plugin v27.5 - https:\/\/yoast.com\/product\/yoast-seo-wordpress\/ -->\n<title>Politika zasebnosti - Tiskarna Radovljica<\/title>\n<meta name=\"robots\" content=\"index, follow, max-snippet:-1, max-image-preview:large, max-video-preview:-1\" \/>\n<link rel=\"canonical\" href=\"https:\/\/tiskarna-radovljica.si\/en\/politika-zasebnosti\/\" \/>\n<meta property=\"og:locale\" content=\"en_US\" \/>\n<meta property=\"og:type\" content=\"article\" \/>\n<meta property=\"og:title\" content=\"Politika zasebnosti - Tiskarna Radovljica\" \/>\n<meta property=\"og:description\" content=\"Politika zasebnosti Lastnik in upravljalec spletnega mesta www.tiskarna-radovljica.siUradno ime podjetja: Tiskarna Radovljica d.o.o.Sede\u017e podjetja: Ljubljanska cesta 56, 4240 RadovljicaSpletna stran: www.tiskarna-radovljica.siEmail: info@tkr.si Uporaba, obseg in namen hranjenja in obdelaveOsebne podatke hranimo in obdelujemo za namene ohranjevanja stika s strankami, tr\u017enega obve\u0161\u010danja prek elektronske po\u0161te, pospe\u0161evanja prodaje, profiliranja strank s ciljem prilagojene ponudbe vsebin in izdelkov [&hellip;]\" \/>\n<meta property=\"og:url\" content=\"https:\/\/tiskarna-radovljica.si\/en\/politika-zasebnosti\/\" \/>\n<meta property=\"og:site_name\" content=\"Tiskarna Radovljica\" \/>\n<meta property=\"article:publisher\" content=\"https:\/\/www.facebook.com\/TiskarnaRadovljica\/\" \/>\n<meta property=\"article:modified_time\" content=\"2022-07-20T07:05:54+00:00\" \/>\n<meta name=\"twitter:card\" content=\"summary_large_image\" \/>\n<meta name=\"twitter:label1\" content=\"Est. reading time\" \/>\n\t<meta name=\"twitter:data1\" content=\"5 minutes\" \/>\n<script type=\"application\/ld+json\" class=\"yoast-schema-graph\">{\"@context\":\"https:\\\/\\\/schema.org\",\"@graph\":[{\"@type\":\"WebPage\",\"@id\":\"https:\\\/\\\/tiskarna-radovljica.si\\\/politika-zasebnosti\\\/\",\"url\":\"https:\\\/\\\/tiskarna-radovljica.si\\\/politika-zasebnosti\\\/\",\"name\":\"Politika zasebnosti - Tiskarna Radovljica\",\"isPartOf\":{\"@id\":\"https:\\\/\\\/tiskarna-radovljica.si\\\/#website\"},\"datePublished\":\"2022-07-20T07:04:34+00:00\",\"dateModified\":\"2022-07-20T07:05:54+00:00\",\"breadcrumb\":{\"@id\":\"https:\\\/\\\/tiskarna-radovljica.si\\\/politika-zasebnosti\\\/#breadcrumb\"},\"inLanguage\":\"en-US\",\"potentialAction\":[{\"@type\":\"ReadAction\",\"target\":[\"https:\\\/\\\/tiskarna-radovljica.si\\\/politika-zasebnosti\\\/\"]}]},{\"@type\":\"BreadcrumbList\",\"@id\":\"https:\\\/\\\/tiskarna-radovljica.si\\\/politika-zasebnosti\\\/#breadcrumb\",\"itemListElement\":[{\"@type\":\"ListItem\",\"position\":1,\"name\":\"Home\",\"item\":\"https:\\\/\\\/tiskarna-radovljica.si\\\/\"},{\"@type\":\"ListItem\",\"position\":2,\"name\":\"Politika zasebnosti\"}]},{\"@type\":\"WebSite\",\"@id\":\"https:\\\/\\\/tiskarna-radovljica.si\\\/#website\",\"url\":\"https:\\\/\\\/tiskarna-radovljica.si\\\/\",\"name\":\"Tiskarna Radovljica\",\"description\":\"Tiskarna in knjigoveznica Radovljica\",\"publisher\":{\"@id\":\"https:\\\/\\\/tiskarna-radovljica.si\\\/#organization\"},\"potentialAction\":[{\"@type\":\"SearchAction\",\"target\":{\"@type\":\"EntryPoint\",\"urlTemplate\":\"https:\\\/\\\/tiskarna-radovljica.si\\\/?s={search_term_string}\"},\"query-input\":{\"@type\":\"PropertyValueSpecification\",\"valueRequired\":true,\"valueName\":\"search_term_string\"}}],\"inLanguage\":\"en-US\"},{\"@type\":\"Organization\",\"@id\":\"https:\\\/\\\/tiskarna-radovljica.si\\\/#organization\",\"name\":\"Tiskarna in knjigoveznica Radovljica\",\"url\":\"https:\\\/\\\/tiskarna-radovljica.si\\\/\",\"logo\":{\"@type\":\"ImageObject\",\"inLanguage\":\"en-US\",\"@id\":\"https:\\\/\\\/tiskarna-radovljica.si\\\/#\\\/schema\\\/logo\\\/image\\\/\",\"url\":\"https:\\\/\\\/tiskarna-radovljica.si\\\/wp-content\\\/uploads\\\/2022\\\/07\\\/TISKARNA_LOGO.png\",\"contentUrl\":\"https:\\\/\\\/tiskarna-radovljica.si\\\/wp-content\\\/uploads\\\/2022\\\/07\\\/TISKARNA_LOGO.png\",\"width\":2896,\"height\":724,\"caption\":\"Tiskarna in knjigoveznica Radovljica\"},\"image\":{\"@id\":\"https:\\\/\\\/tiskarna-radovljica.si\\\/#\\\/schema\\\/logo\\\/image\\\/\"},\"sameAs\":[\"https:\\\/\\\/www.facebook.com\\\/TiskarnaRadovljica\\\/\",\"https:\\\/\\\/www.linkedin.com\\\/in\\\/tiskarna-radovljica-9b522a1a6\\\/\"]}]}<\/script>\n<!-- \/ Yoast SEO plugin. -->","yoast_head_json":{"title":"Politika zasebnosti - Tiskarna Radovljica","robots":{"index":"index","follow":"follow","max-snippet":"max-snippet:-1","max-image-preview":"max-image-preview:large","max-video-preview":"max-video-preview:-1"},"canonical":"https:\/\/tiskarna-radovljica.si\/en\/politika-zasebnosti\/","og_locale":"en_US","og_type":"article","og_title":"Politika zasebnosti - Tiskarna Radovljica","og_description":"Politika zasebnosti Lastnik in upravljalec spletnega mesta www.tiskarna-radovljica.siUradno ime podjetja: Tiskarna Radovljica d.o.o.Sede\u017e podjetja: Ljubljanska cesta 56, 4240 RadovljicaSpletna stran: www.tiskarna-radovljica.siEmail: info@tkr.si Uporaba, obseg in namen hranjenja in obdelaveOsebne podatke hranimo in obdelujemo za namene ohranjevanja stika s strankami, tr\u017enega obve\u0161\u010danja prek elektronske po\u0161te, pospe\u0161evanja prodaje, profiliranja strank s ciljem prilagojene ponudbe vsebin in izdelkov [&hellip;]","og_url":"https:\/\/tiskarna-radovljica.si\/en\/politika-zasebnosti\/","og_site_name":"Tiskarna Radovljica","article_publisher":"https:\/\/www.facebook.com\/TiskarnaRadovljica\/","article_modified_time":"2022-07-20T07:05:54+00:00","twitter_card":"summary_large_image","twitter_misc":{"Est. reading time":"5 minutes"},"schema":{"@context":"https:\/\/schema.org","@graph":[{"@type":"WebPage","@id":"https:\/\/tiskarna-radovljica.si\/politika-zasebnosti\/","url":"https:\/\/tiskarna-radovljica.si\/politika-zasebnosti\/","name":"Politika zasebnosti - Tiskarna Radovljica","isPartOf":{"@id":"https:\/\/tiskarna-radovljica.si\/#website"},"datePublished":"2022-07-20T07:04:34+00:00","dateModified":"2022-07-20T07:05:54+00:00","breadcrumb":{"@id":"https:\/\/tiskarna-radovljica.si\/politika-zasebnosti\/#breadcrumb"},"inLanguage":"en-US","potentialAction":[{"@type":"ReadAction","target":["https:\/\/tiskarna-radovljica.si\/politika-zasebnosti\/"]}]},{"@type":"BreadcrumbList","@id":"https:\/\/tiskarna-radovljica.si\/politika-zasebnosti\/#breadcrumb","itemListElement":[{"@type":"ListItem","position":1,"name":"Home","item":"https:\/\/tiskarna-radovljica.si\/"},{"@type":"ListItem","position":2,"name":"Politika zasebnosti"}]},{"@type":"WebSite","@id":"https:\/\/tiskarna-radovljica.si\/#website","url":"https:\/\/tiskarna-radovljica.si\/","name":"Tiskarna Radovljica","description":"Tiskarna in knjigoveznica Radovljica","publisher":{"@id":"https:\/\/tiskarna-radovljica.si\/#organization"},"potentialAction":[{"@type":"SearchAction","target":{"@type":"EntryPoint","urlTemplate":"https:\/\/tiskarna-radovljica.si\/?s={search_term_string}"},"query-input":{"@type":"PropertyValueSpecification","valueRequired":true,"valueName":"search_term_string"}}],"inLanguage":"en-US"},{"@type":"Organization","@id":"https:\/\/tiskarna-radovljica.si\/#organization","name":"Tiskarna in knjigoveznica Radovljica","url":"https:\/\/tiskarna-radovljica.si\/","logo":{"@type":"ImageObject","inLanguage":"en-US","@id":"https:\/\/tiskarna-radovljica.si\/#\/schema\/logo\/image\/","url":"https:\/\/tiskarna-radovljica.si\/wp-content\/uploads\/2022\/07\/TISKARNA_LOGO.png","contentUrl":"https:\/\/tiskarna-radovljica.si\/wp-content\/uploads\/2022\/07\/TISKARNA_LOGO.png","width":2896,"height":724,"caption":"Tiskarna in knjigoveznica Radovljica"},"image":{"@id":"https:\/\/tiskarna-radovljica.si\/#\/schema\/logo\/image\/"},"sameAs":["https:\/\/www.facebook.com\/TiskarnaRadovljica\/","https:\/\/www.linkedin.com\/in\/tiskarna-radovljica-9b522a1a6\/"]}]}},"_links":{"self":[{"href":"https:\/\/tiskarna-radovljica.si\/en\/wp-json\/wp\/v2\/pages\/1227","targetHints":{"allow":["GET"]}}],"collection":[{"href":"https:\/\/tiskarna-radovljica.si\/en\/wp-json\/wp\/v2\/pages"}],"about":[{"href":"https:\/\/tiskarna-radovljica.si\/en\/wp-json\/wp\/v2\/types\/page"}],"author":[{"embeddable":true,"href":"https:\/\/tiskarna-radovljica.si\/en\/wp-json\/wp\/v2\/users\/1"}],"replies":[{"embeddable":true,"href":"https:\/\/tiskarna-radovljica.si\/en\/wp-json\/wp\/v2\/comments?post=1227"}],"version-history":[{"count":0,"href":"https:\/\/tiskarna-radovljica.si\/en\/wp-json\/wp\/v2\/pages\/1227\/revisions"}],"wp:attachment":[{"href":"https:\/\/tiskarna-radovljica.si\/en\/wp-json\/wp\/v2\/media?parent=1227"}],"wp:term":[{"taxonomy":"folder","embeddable":true,"href":"https:\/\/tiskarna-radovljica.si\/en\/wp-json\/wp\/v2\/folder?post=1227"}],"curies":[{"name":"wp","href":"https:\/\/api.w.org\/{rel}","templated":true}]}}