{"id":1169,"date":"2022-07-20T07:44:38","date_gmt":"2022-07-20T06:44:38","guid":{"rendered":"https:\/\/tiskarna-radovljica.si\/?page_id=1169"},"modified":"2022-08-04T15:03:01","modified_gmt":"2022-08-04T13:03:01","slug":"priprava-za-tisk","status":"publish","type":"page","link":"https:\/\/tiskarna-radovljica.si\/en\/priprava-za-tisk\/","title":{"rendered":"Prepress"},"content":{"rendered":"\t\t<div data-elementor-type=\"wp-page\" data-elementor-id=\"1169\" class=\"elementor elementor-1169\">\n\t\t\t\t\t\t<section class=\"elementor-section elementor-top-section elementor-element elementor-element-6df8810 elementor-section-boxed elementor-section-height-default elementor-section-height-default\" data-id=\"6df8810\" data-element_type=\"section\" data-settings=\"{&quot;background_background&quot;:&quot;classic&quot;}\">\n\t\t\t\t\t\t\t<div class=\"elementor-background-overlay\"><\/div>\n\t\t\t\t\t\t\t<div class=\"elementor-container elementor-column-gap-no\">\n\t\t\t\t\t<div class=\"elementor-column elementor-col-100 elementor-top-column elementor-element elementor-element-195adfab\" data-id=\"195adfab\" data-element_type=\"column\">\n\t\t\t<div class=\"elementor-widget-wrap elementor-element-populated\">\n\t\t\t\t\t\t<div class=\"elementor-element elementor-element-4c30f59b elementor-widget elementor-widget-heading\" data-id=\"4c30f59b\" data-element_type=\"widget\" data-widget_type=\"heading.default\">\n\t\t\t\t<div class=\"elementor-widget-container\">\n\t\t\t<style>\/*! elementor - v3.23.0 - 05-08-2024 *\/\n.elementor-heading-title{padding:0;margin:0;line-height:1}.elementor-widget-heading .elementor-heading-title[class*=elementor-size-]>a{color:inherit;font-size:inherit;line-height:inherit}.elementor-widget-heading .elementor-heading-title.elementor-size-small{font-size:15px}.elementor-widget-heading .elementor-heading-title.elementor-size-medium{font-size:19px}.elementor-widget-heading .elementor-heading-title.elementor-size-large{font-size:29px}.elementor-widget-heading .elementor-heading-title.elementor-size-xl{font-size:39px}.elementor-widget-heading .elementor-heading-title.elementor-size-xxl{font-size:59px}<\/style><h1 class=\"elementor-heading-title elementor-size-default\">Priprava datotek za tisk<\/h1>\t\t<\/div>\n\t\t\t\t<\/div>\n\t\t\t\t\t<\/div>\n\t\t<\/div>\n\t\t\t\t\t<\/div>\n\t\t<\/section>\n\t\t\t\t<section class=\"elementor-section elementor-top-section elementor-element elementor-element-2015d218 elementor-section-boxed elementor-section-height-default elementor-section-height-default\" data-id=\"2015d218\" data-element_type=\"section\" data-settings=\"{&quot;background_background&quot;:&quot;classic&quot;}\">\n\t\t\t\t\t\t<div class=\"elementor-container elementor-column-gap-no\">\n\t\t\t\t\t<div class=\"elementor-column elementor-col-100 elementor-top-column elementor-element elementor-element-6e56e91f\" data-id=\"6e56e91f\" data-element_type=\"column\">\n\t\t\t<div class=\"elementor-widget-wrap elementor-element-populated\">\n\t\t\t\t\t\t<div class=\"elementor-element elementor-element-4ccaede9 elementor-widget elementor-widget-text-editor\" data-id=\"4ccaede9\" data-element_type=\"widget\" data-widget_type=\"text-editor.default\">\n\t\t\t\t<div class=\"elementor-widget-container\">\n\t\t\t<style>\/*! elementor - v3.23.0 - 05-08-2024 *\/\n.elementor-widget-text-editor.elementor-drop-cap-view-stacked .elementor-drop-cap{background-color:#69727d;color:#fff}.elementor-widget-text-editor.elementor-drop-cap-view-framed .elementor-drop-cap{color:#69727d;border:3px solid;background-color:transparent}.elementor-widget-text-editor:not(.elementor-drop-cap-view-default) .elementor-drop-cap{margin-top:8px}.elementor-widget-text-editor:not(.elementor-drop-cap-view-default) .elementor-drop-cap-letter{width:1em;height:1em}.elementor-widget-text-editor .elementor-drop-cap{float:left;text-align:center;line-height:1;font-size:50px}.elementor-widget-text-editor .elementor-drop-cap-letter{display:inline-block}<\/style>\t\t\t\t<p>Pri pripravi datotek za tisk, je potrebno upo\u0161tevati nekaj pomembnih dejavnikov, da bo kon\u010dni izdelek brezhiben.<\/p><ul><li>Datoteka naj bo pripravljena v pdf (Portable Document Format) formatu in razmerju 1:1. Izdelavo pdf datotek omogo\u010dajo vsi grafi\u010dni programi. Priporo\u010dena je uporaba profesionalnih grafi\u010dnih programov kot so Adobe Indesign, Illustrator in Photoshop, Corel Draw, Affinity Designer in drugi.<\/li><\/ul><ul><li>Datoteko za tisk je potrebno pripraviti v to\u010dnem formatu 1:1. Formati so dolo\u010deni z ISO standardom. Priporo\u010damo izbiro A formata, predvsem zaradi bolj\u0161ega izkoristka papirja.<\/li><\/ul><ul><li>Barvni prostor naj bo CMYK ali PANTONE barvna lestvica. Ostale barve kot so LAB, RGB\u2026 so neprimerne za tisk. Zelo pomembna je tudi kalibracija monitorja.<\/li><\/ul><ul><li>Slike oz. fotografije, ki jih uporabljate pri oblikovanju tiskovin, naj bodo visoke lo\u010dljivosti, vsaj 300 dpi (dots per inch).<\/li><\/ul><ul><li>Logotipi in razni znaki, naj bodo v vektorski obliki, saj se jim s pove\u010davo ne zmanj\u0161uje kvaliteta.<\/li><\/ul><ul><li>Upo\u0161tevati je potrebno tudi barvno pokritost (se\u0161tevek CMYK kombinacije v odstotkih). Ta naj ne bo vi\u0161ja od 330% za premazne in 280% za nepremazne papirje. \u010ce je barvna pokritost previsoka, pride do odna\u0161anja oz. prena\u0161anja barve in s tem nepravilnega izgleda kon\u010dne tiskovine.<\/li><\/ul><ul><li>\u010crna pisava (manj\u0161a od 20 pt) naj bo pripravljena le iz \u010drne barve. Kombinacija pisav iz vseh \u0161tirih barv, lahko privede do zamika barvne registracije (raztezanje papirja).<\/li><\/ul><ul><li>Za bolj \u010drne povr\u0161ine uporabljajte globoko \u010drno (C=40%, M=30%, Y=30%, K=100%)<\/li><\/ul><ul><li>\u0160tevilo strani pri zvezkih, knjigah in bro\u0161urah naj bo deljivo s 4.<\/li><\/ul><ul><li>Pri oblikovanju tiskovin, je potrebno upo\u0161tevati tudi dodatek za porezavo (Bleed), ki naj bo vsaj 3mm \u010dez rob porezave tiskovine. Ostali grafi\u010dni elementi, naj bodo odmaknjeni v notranjost vsaj 3-5mm od roba tiskovine (Margins) pri vizitkah in letakih, pri \u0161piralni vezavi 15mm, pri bro\u0161urah vsaj 10mm.<\/li><li><a href=\"mailto:repro@tkr.si\"><strong>Za navodila o pravilnem izvozu datotek v pdf nas kontaktirajte in vam jih bomo poslali.<\/strong><\/a> \u00a0<a href=\"mailto:repro@tkr.si\"><img decoding=\"async\" class=\"wp-image-1574 alignnone\" src=\"https:\/\/tiskarna-radovljica.si\/wp-content\/uploads\/2022\/08\/pdf-logo-300x300.png\" alt=\"\" width=\"39\" height=\"39\" srcset=\"https:\/\/tiskarna-radovljica.si\/wp-content\/uploads\/2022\/08\/pdf-logo-300x300.png 300w, https:\/\/tiskarna-radovljica.si\/wp-content\/uploads\/2022\/08\/pdf-logo-150x150.png 150w, https:\/\/tiskarna-radovljica.si\/wp-content\/uploads\/2022\/08\/pdf-logo.png 512w\" sizes=\"(max-width: 39px) 100vw, 39px\" \/><\/a><\/li><\/ul>\t\t\t\t\t\t<\/div>\n\t\t\t\t<\/div>\n\t\t\t\t\t<\/div>\n\t\t<\/div>\n\t\t\t\t\t<\/div>\n\t\t<\/section>\n\t\t\t\t<section class=\"elementor-section elementor-top-section elementor-element elementor-element-35b198c1 elementor-section-boxed elementor-section-height-default elementor-section-height-default\" data-id=\"35b198c1\" data-element_type=\"section\" data-settings=\"{&quot;background_background&quot;:&quot;classic&quot;}\">\n\t\t\t\t\t\t<div class=\"elementor-container elementor-column-gap-default\">\n\t\t\t\t\t<div class=\"elementor-column elementor-col-100 elementor-top-column elementor-element elementor-element-4bde95e9\" data-id=\"4bde95e9\" data-element_type=\"column\">\n\t\t\t<div class=\"elementor-widget-wrap elementor-element-populated\">\n\t\t\t\t\t\t<div class=\"elementor-element elementor-element-fe92b2c elementor-widget elementor-widget-text-editor\" data-id=\"fe92b2c\" data-element_type=\"widget\" data-widget_type=\"text-editor.default\">\n\t\t\t\t<div class=\"elementor-widget-container\">\n\t\t\t\t\t\t\t<p>V primeru, da boste naleteli na te\u017eave ali potrebujete dodatna pojasnila nas pokli\u010dete na tel. \u0161tevilko <a href=\"tel:045371820\"><strong>04 5371820<\/strong><\/a> ali po\u0161ljite sporo\u010dilo na e-po\u0161to\u00a0<strong><a href=\"mailto:repro@tkr.si\" target=\"_blank\" rel=\"noopener\">repro@tkr.si<\/a><\/strong><\/p>\t\t\t\t\t\t<\/div>\n\t\t\t\t<\/div>\n\t\t\t\t\t<\/div>\n\t\t<\/div>\n\t\t\t\t\t<\/div>\n\t\t<\/section>\n\t\t\t\t<\/div>\n\t\t","protected":false},"excerpt":{"rendered":"<p>Priprava datotek za tisk Pri pripravi datotek za tisk, je potrebno upo\u0161tevati nekaj pomembnih dejavnikov, da bo kon\u010dni izdelek brezhiben. Datoteka naj bo pripravljena v pdf (Portable Document Format) formatu in razmerju 1:1. Izdelavo pdf datotek omogo\u010dajo vsi grafi\u010dni programi. Priporo\u010dena je uporaba profesionalnih grafi\u010dnih programov kot so Adobe Indesign, Illustrator in Photoshop, Corel Draw, [&hellip;]<\/p>\n","protected":false},"author":1,"featured_media":0,"parent":0,"menu_order":0,"comment_status":"closed","ping_status":"closed","template":"","meta":{"site-sidebar-layout":"no-sidebar","site-content-layout":"page-builder","ast-site-content-layout":"","site-content-style":"default","site-sidebar-style":"default","ast-global-header-display":"","ast-banner-title-visibility":"","ast-main-header-display":"","ast-hfb-above-header-display":"","ast-hfb-below-header-display":"","ast-hfb-mobile-header-display":"","site-post-title":"disabled","ast-breadcrumbs-content":"","ast-featured-img":"disabled","footer-sml-layout":"","theme-transparent-header-meta":"","adv-header-id-meta":"","stick-header-meta":"","header-above-stick-meta":"","header-main-stick-meta":"","header-below-stick-meta":"","astra-migrate-meta-layouts":"default","ast-page-background-enabled":"default","ast-page-background-meta":{"desktop":{"background-color":"","background-image":"","background-repeat":"repeat","background-position":"center center","background-size":"auto","background-attachment":"scroll","background-type":"","background-media":"","overlay-type":"","overlay-color":"","overlay-opacity":"","overlay-gradient":""},"tablet":{"background-color":"","background-image":"","background-repeat":"repeat","background-position":"center center","background-size":"auto","background-attachment":"scroll","background-type":"","background-media":"","overlay-type":"","overlay-color":"","overlay-opacity":"","overlay-gradient":""},"mobile":{"background-color":"","background-image":"","background-repeat":"repeat","background-position":"center center","background-size":"auto","background-attachment":"scroll","background-type":"","background-media":"","overlay-type":"","overlay-color":"","overlay-opacity":"","overlay-gradient":""}},"ast-content-background-meta":{"desktop":{"background-color":"var(--ast-global-color-5)","background-image":"","background-repeat":"repeat","background-position":"center center","background-size":"auto","background-attachment":"scroll","background-type":"","background-media":"","overlay-type":"","overlay-color":"","overlay-opacity":"","overlay-gradient":""},"tablet":{"background-color":"var(--ast-global-color-5)","background-image":"","background-repeat":"repeat","background-position":"center center","background-size":"auto","background-attachment":"scroll","background-type":"","background-media":"","overlay-type":"","overlay-color":"","overlay-opacity":"","overlay-gradient":""},"mobile":{"background-color":"var(--ast-global-color-5)","background-image":"","background-repeat":"repeat","background-position":"center center","background-size":"auto","background-attachment":"scroll","background-type":"","background-media":"","overlay-type":"","overlay-color":"","overlay-opacity":"","overlay-gradient":""}},"footnotes":""},"folder":[],"class_list":["post-1169","page","type-page","status-publish","hentry"],"yoast_head":"<!-- This site is optimized with the Yoast SEO plugin v27.5 - https:\/\/yoast.com\/product\/yoast-seo-wordpress\/ -->\n<title>Priprava za tisk - Tiskarna Radovljica<\/title>\n<meta name=\"description\" content=\"Priprava za tisk. Pri pripravi datotek za tisk, je potrebno upo\u0161tevati nekaj pomembnih dejavnikov, da bo kon\u010dni izdelek brezhiben.\" \/>\n<meta name=\"robots\" content=\"index, follow, max-snippet:-1, max-image-preview:large, max-video-preview:-1\" \/>\n<link rel=\"canonical\" href=\"https:\/\/tiskarna-radovljica.si\/en\/priprava-za-tisk\/\" \/>\n<meta property=\"og:locale\" content=\"en_US\" \/>\n<meta property=\"og:type\" content=\"article\" \/>\n<meta property=\"og:title\" content=\"Priprava za tisk - Tiskarna Radovljica\" \/>\n<meta property=\"og:description\" content=\"Priprava za tisk. Pri pripravi datotek za tisk, je potrebno upo\u0161tevati nekaj pomembnih dejavnikov, da bo kon\u010dni izdelek brezhiben.\" \/>\n<meta property=\"og:url\" content=\"https:\/\/tiskarna-radovljica.si\/en\/priprava-za-tisk\/\" \/>\n<meta property=\"og:site_name\" content=\"Tiskarna Radovljica\" \/>\n<meta property=\"article:publisher\" content=\"https:\/\/www.facebook.com\/TiskarnaRadovljica\/\" \/>\n<meta property=\"article:modified_time\" content=\"2022-08-04T13:03:01+00:00\" \/>\n<meta property=\"og:image\" content=\"https:\/\/tiskarna-radovljica.si\/wp-content\/uploads\/2022\/08\/pdf-logo-300x300.png\" \/>\n<meta name=\"twitter:card\" content=\"summary_large_image\" \/>\n<meta name=\"twitter:label1\" content=\"Est. reading time\" \/>\n\t<meta name=\"twitter:data1\" content=\"2 minutes\" \/>\n<script type=\"application\/ld+json\" class=\"yoast-schema-graph\">{\"@context\":\"https:\\\/\\\/schema.org\",\"@graph\":[{\"@type\":\"WebPage\",\"@id\":\"https:\\\/\\\/tiskarna-radovljica.si\\\/priprava-za-tisk\\\/\",\"url\":\"https:\\\/\\\/tiskarna-radovljica.si\\\/priprava-za-tisk\\\/\",\"name\":\"Priprava za tisk - Tiskarna Radovljica\",\"isPartOf\":{\"@id\":\"https:\\\/\\\/tiskarna-radovljica.si\\\/#website\"},\"primaryImageOfPage\":{\"@id\":\"https:\\\/\\\/tiskarna-radovljica.si\\\/priprava-za-tisk\\\/#primaryimage\"},\"image\":{\"@id\":\"https:\\\/\\\/tiskarna-radovljica.si\\\/priprava-za-tisk\\\/#primaryimage\"},\"thumbnailUrl\":\"https:\\\/\\\/tiskarna-radovljica.si\\\/wp-content\\\/uploads\\\/2022\\\/08\\\/pdf-logo-300x300.png\",\"datePublished\":\"2022-07-20T06:44:38+00:00\",\"dateModified\":\"2022-08-04T13:03:01+00:00\",\"description\":\"Priprava za tisk. Pri pripravi datotek za tisk, je potrebno upo\u0161tevati nekaj pomembnih dejavnikov, da bo kon\u010dni izdelek brezhiben.\",\"breadcrumb\":{\"@id\":\"https:\\\/\\\/tiskarna-radovljica.si\\\/priprava-za-tisk\\\/#breadcrumb\"},\"inLanguage\":\"en-US\",\"potentialAction\":[{\"@type\":\"ReadAction\",\"target\":[\"https:\\\/\\\/tiskarna-radovljica.si\\\/priprava-za-tisk\\\/\"]}]},{\"@type\":\"ImageObject\",\"inLanguage\":\"en-US\",\"@id\":\"https:\\\/\\\/tiskarna-radovljica.si\\\/priprava-za-tisk\\\/#primaryimage\",\"url\":\"https:\\\/\\\/tiskarna-radovljica.si\\\/wp-content\\\/uploads\\\/2022\\\/08\\\/pdf-logo-300x300.png\",\"contentUrl\":\"https:\\\/\\\/tiskarna-radovljica.si\\\/wp-content\\\/uploads\\\/2022\\\/08\\\/pdf-logo-300x300.png\"},{\"@type\":\"BreadcrumbList\",\"@id\":\"https:\\\/\\\/tiskarna-radovljica.si\\\/priprava-za-tisk\\\/#breadcrumb\",\"itemListElement\":[{\"@type\":\"ListItem\",\"position\":1,\"name\":\"Home\",\"item\":\"https:\\\/\\\/tiskarna-radovljica.si\\\/\"},{\"@type\":\"ListItem\",\"position\":2,\"name\":\"Priprava za tisk\"}]},{\"@type\":\"WebSite\",\"@id\":\"https:\\\/\\\/tiskarna-radovljica.si\\\/#website\",\"url\":\"https:\\\/\\\/tiskarna-radovljica.si\\\/\",\"name\":\"Tiskarna Radovljica\",\"description\":\"Tiskarna in knjigoveznica Radovljica\",\"publisher\":{\"@id\":\"https:\\\/\\\/tiskarna-radovljica.si\\\/#organization\"},\"potentialAction\":[{\"@type\":\"SearchAction\",\"target\":{\"@type\":\"EntryPoint\",\"urlTemplate\":\"https:\\\/\\\/tiskarna-radovljica.si\\\/?s={search_term_string}\"},\"query-input\":{\"@type\":\"PropertyValueSpecification\",\"valueRequired\":true,\"valueName\":\"search_term_string\"}}],\"inLanguage\":\"en-US\"},{\"@type\":\"Organization\",\"@id\":\"https:\\\/\\\/tiskarna-radovljica.si\\\/#organization\",\"name\":\"Tiskarna in knjigoveznica Radovljica\",\"url\":\"https:\\\/\\\/tiskarna-radovljica.si\\\/\",\"logo\":{\"@type\":\"ImageObject\",\"inLanguage\":\"en-US\",\"@id\":\"https:\\\/\\\/tiskarna-radovljica.si\\\/#\\\/schema\\\/logo\\\/image\\\/\",\"url\":\"https:\\\/\\\/tiskarna-radovljica.si\\\/wp-content\\\/uploads\\\/2022\\\/07\\\/TISKARNA_LOGO.png\",\"contentUrl\":\"https:\\\/\\\/tiskarna-radovljica.si\\\/wp-content\\\/uploads\\\/2022\\\/07\\\/TISKARNA_LOGO.png\",\"width\":2896,\"height\":724,\"caption\":\"Tiskarna in knjigoveznica Radovljica\"},\"image\":{\"@id\":\"https:\\\/\\\/tiskarna-radovljica.si\\\/#\\\/schema\\\/logo\\\/image\\\/\"},\"sameAs\":[\"https:\\\/\\\/www.facebook.com\\\/TiskarnaRadovljica\\\/\",\"https:\\\/\\\/www.linkedin.com\\\/in\\\/tiskarna-radovljica-9b522a1a6\\\/\"]}]}<\/script>\n<!-- \/ Yoast SEO plugin. -->","yoast_head_json":{"title":"Priprava za tisk - Tiskarna Radovljica","description":"Priprava za tisk. Pri pripravi datotek za tisk, je potrebno upo\u0161tevati nekaj pomembnih dejavnikov, da bo kon\u010dni izdelek brezhiben.","robots":{"index":"index","follow":"follow","max-snippet":"max-snippet:-1","max-image-preview":"max-image-preview:large","max-video-preview":"max-video-preview:-1"},"canonical":"https:\/\/tiskarna-radovljica.si\/en\/priprava-za-tisk\/","og_locale":"en_US","og_type":"article","og_title":"Priprava za tisk - Tiskarna Radovljica","og_description":"Priprava za tisk. Pri pripravi datotek za tisk, je potrebno upo\u0161tevati nekaj pomembnih dejavnikov, da bo kon\u010dni izdelek brezhiben.","og_url":"https:\/\/tiskarna-radovljica.si\/en\/priprava-za-tisk\/","og_site_name":"Tiskarna Radovljica","article_publisher":"https:\/\/www.facebook.com\/TiskarnaRadovljica\/","article_modified_time":"2022-08-04T13:03:01+00:00","og_image":[{"url":"https:\/\/tiskarna-radovljica.si\/wp-content\/uploads\/2022\/08\/pdf-logo-300x300.png","type":"","width":"","height":""}],"twitter_card":"summary_large_image","twitter_misc":{"Est. reading time":"2 minutes"},"schema":{"@context":"https:\/\/schema.org","@graph":[{"@type":"WebPage","@id":"https:\/\/tiskarna-radovljica.si\/priprava-za-tisk\/","url":"https:\/\/tiskarna-radovljica.si\/priprava-za-tisk\/","name":"Priprava za tisk - Tiskarna Radovljica","isPartOf":{"@id":"https:\/\/tiskarna-radovljica.si\/#website"},"primaryImageOfPage":{"@id":"https:\/\/tiskarna-radovljica.si\/priprava-za-tisk\/#primaryimage"},"image":{"@id":"https:\/\/tiskarna-radovljica.si\/priprava-za-tisk\/#primaryimage"},"thumbnailUrl":"https:\/\/tiskarna-radovljica.si\/wp-content\/uploads\/2022\/08\/pdf-logo-300x300.png","datePublished":"2022-07-20T06:44:38+00:00","dateModified":"2022-08-04T13:03:01+00:00","description":"Priprava za tisk. Pri pripravi datotek za tisk, je potrebno upo\u0161tevati nekaj pomembnih dejavnikov, da bo kon\u010dni izdelek brezhiben.","breadcrumb":{"@id":"https:\/\/tiskarna-radovljica.si\/priprava-za-tisk\/#breadcrumb"},"inLanguage":"en-US","potentialAction":[{"@type":"ReadAction","target":["https:\/\/tiskarna-radovljica.si\/priprava-za-tisk\/"]}]},{"@type":"ImageObject","inLanguage":"en-US","@id":"https:\/\/tiskarna-radovljica.si\/priprava-za-tisk\/#primaryimage","url":"https:\/\/tiskarna-radovljica.si\/wp-content\/uploads\/2022\/08\/pdf-logo-300x300.png","contentUrl":"https:\/\/tiskarna-radovljica.si\/wp-content\/uploads\/2022\/08\/pdf-logo-300x300.png"},{"@type":"BreadcrumbList","@id":"https:\/\/tiskarna-radovljica.si\/priprava-za-tisk\/#breadcrumb","itemListElement":[{"@type":"ListItem","position":1,"name":"Home","item":"https:\/\/tiskarna-radovljica.si\/"},{"@type":"ListItem","position":2,"name":"Priprava za tisk"}]},{"@type":"WebSite","@id":"https:\/\/tiskarna-radovljica.si\/#website","url":"https:\/\/tiskarna-radovljica.si\/","name":"Tiskarna Radovljica","description":"Tiskarna in knjigoveznica Radovljica","publisher":{"@id":"https:\/\/tiskarna-radovljica.si\/#organization"},"potentialAction":[{"@type":"SearchAction","target":{"@type":"EntryPoint","urlTemplate":"https:\/\/tiskarna-radovljica.si\/?s={search_term_string}"},"query-input":{"@type":"PropertyValueSpecification","valueRequired":true,"valueName":"search_term_string"}}],"inLanguage":"en-US"},{"@type":"Organization","@id":"https:\/\/tiskarna-radovljica.si\/#organization","name":"Tiskarna in knjigoveznica Radovljica","url":"https:\/\/tiskarna-radovljica.si\/","logo":{"@type":"ImageObject","inLanguage":"en-US","@id":"https:\/\/tiskarna-radovljica.si\/#\/schema\/logo\/image\/","url":"https:\/\/tiskarna-radovljica.si\/wp-content\/uploads\/2022\/07\/TISKARNA_LOGO.png","contentUrl":"https:\/\/tiskarna-radovljica.si\/wp-content\/uploads\/2022\/07\/TISKARNA_LOGO.png","width":2896,"height":724,"caption":"Tiskarna in knjigoveznica Radovljica"},"image":{"@id":"https:\/\/tiskarna-radovljica.si\/#\/schema\/logo\/image\/"},"sameAs":["https:\/\/www.facebook.com\/TiskarnaRadovljica\/","https:\/\/www.linkedin.com\/in\/tiskarna-radovljica-9b522a1a6\/"]}]}},"_links":{"self":[{"href":"https:\/\/tiskarna-radovljica.si\/en\/wp-json\/wp\/v2\/pages\/1169","targetHints":{"allow":["GET"]}}],"collection":[{"href":"https:\/\/tiskarna-radovljica.si\/en\/wp-json\/wp\/v2\/pages"}],"about":[{"href":"https:\/\/tiskarna-radovljica.si\/en\/wp-json\/wp\/v2\/types\/page"}],"author":[{"embeddable":true,"href":"https:\/\/tiskarna-radovljica.si\/en\/wp-json\/wp\/v2\/users\/1"}],"replies":[{"embeddable":true,"href":"https:\/\/tiskarna-radovljica.si\/en\/wp-json\/wp\/v2\/comments?post=1169"}],"version-history":[{"count":33,"href":"https:\/\/tiskarna-radovljica.si\/en\/wp-json\/wp\/v2\/pages\/1169\/revisions"}],"predecessor-version":[{"id":1611,"href":"https:\/\/tiskarna-radovljica.si\/en\/wp-json\/wp\/v2\/pages\/1169\/revisions\/1611"}],"wp:attachment":[{"href":"https:\/\/tiskarna-radovljica.si\/en\/wp-json\/wp\/v2\/media?parent=1169"}],"wp:term":[{"taxonomy":"folder","embeddable":true,"href":"https:\/\/tiskarna-radovljica.si\/en\/wp-json\/wp\/v2\/folder?post=1169"}],"curies":[{"name":"wp","href":"https:\/\/api.w.org\/{rel}","templated":true}]}}